{"id":19,"date":"2019-09-13T12:34:57","date_gmt":"2019-09-13T12:34:57","guid":{"rendered":"http:\/\/localhost\/gb-tecnica\/?page_id=19"},"modified":"2021-04-28T21:04:44","modified_gmt":"2021-04-28T21:04:44","slug":"contato","status":"publish","type":"page","link":"https:\/\/www.gbtecnica.com.br\/index.php\/contato\/","title":{"rendered":"CONTATO"},"content":{"rendered":"\n<h3 style=\"text-align:center\">Fale atrav\u00e9s dos nossos telefones ou do formul\u00e1rio<\/h3>\n\n\n\n<p style=\"text-align:center\">A GB T\u00e9cnica tem aten\u00e7\u00e3o especial para os seus chamados de urg\u00eancia.<br>Procuramos prestar o atendimento no prazo m\u00e1ximo de 3h* a partir do momento do chamado.<\/p>\n\n\n\n<p style=\"text-align:center\" class=\"has-text-color has-very-dark-gray-color\">Nossos telefones est\u00e3o ligados 24h por dia. <br><a href=\"tel:842030-8666\">(84) 2030-8666<br><\/a>(84) 9 9111-9997<br>(84) 9 9487-0707<\/p>\n\n\n\n<p style=\"font-size:12px;text-align:center\" class=\"has-text-color has-very-dark-gray-color\">*Prazo estipulado para clientes em um raio de at\u00e9 40 km da nossa matriz em Parnamirim\/RN.<br> Para clientes fora dessa condi\u00e7\u00e3o, o prazo pode variar.<\/p>\n\n\n\n<div style=\"height:20px\" aria-hidden=\"true\" class=\"wp-block-spacer\"><\/div>\n","protected":false},"excerpt":{"rendered":"<p>Fale atrav\u00e9s dos nossos telefones ou do formul\u00e1rio A GB T\u00e9cnica tem aten\u00e7\u00e3o especial para os seus chamados de urg\u00eancia.Procuramos prestar o atendimento no prazo m\u00e1ximo de 3h* a partir do momento do chamado. Nossos telefones est\u00e3o ligados 24h por dia. (84) 2030-8666(84) 9 9111-9997(84) 9 9487-0707 *Prazo estipulado para clientes em um raio de [&hellip;]<\/p>\n","protected":false},"author":1,"featured_media":0,"parent":0,"menu_order":0,"comment_status":"closed","ping_status":"closed","template":"","meta":[],"_links":{"self":[{"href":"https:\/\/www.gbtecnica.com.br\/index.php\/wp-json\/wp\/v2\/pages\/19"}],"collection":[{"href":"https:\/\/www.gbtecnica.com.br\/index.php\/wp-json\/wp\/v2\/pages"}],"about":[{"href":"https:\/\/www.gbtecnica.com.br\/index.php\/wp-json\/wp\/v2\/types\/page"}],"author":[{"embeddable":true,"href":"https:\/\/www.gbtecnica.com.br\/index.php\/wp-json\/wp\/v2\/users\/1"}],"replies":[{"embeddable":true,"href":"https:\/\/www.gbtecnica.com.br\/index.php\/wp-json\/wp\/v2\/comments?post=19"}],"version-history":[{"count":85,"href":"https:\/\/www.gbtecnica.com.br\/index.php\/wp-json\/wp\/v2\/pages\/19\/revisions"}],"predecessor-version":[{"id":857,"href":"https:\/\/www.gbtecnica.com.br\/index.php\/wp-json\/wp\/v2\/pages\/19\/revisions\/857"}],"wp:attachment":[{"href":"https:\/\/www.gbtecnica.com.br\/index.php\/wp-json\/wp\/v2\/media?parent=19"}],"curies":[{"name":"wp","href":"https:\/\/api.w.org\/{rel}","templated":true}]}}