{"id":17,"date":"2019-09-13T12:34:43","date_gmt":"2019-09-13T12:34:43","guid":{"rendered":"http:\/\/localhost\/gb-tecnica\/?page_id=17"},"modified":"2020-09-15T11:48:29","modified_gmt":"2020-09-15T11:48:29","slug":"clientes","status":"publish","type":"page","link":"https:\/\/www.gbtecnica.com.br\/index.php\/clientes\/","title":{"rendered":"CLIENTES"},"content":{"rendered":"\n<h3 style=\"text-align:center\">Quem melhor que nossos clientes para falar da qualidade GB T\u00e9cnica?<\/h3>\n\n\n\n<p style=\"text-align:center\">Conhe\u00e7a alguns deles e veja abaixo o que t\u00eam a dizer sobre a GB T\u00e9cnica.<\/p>\n\n\n\n<div style=\"height:20px\" aria-hidden=\"true\" class=\"wp-block-spacer\"><\/div>\n\n\n\n<ul class=\"wp-container-2 wp-block-gallery-1 wp-block-gallery columns-8\"><li class=\"blocks-gallery-item\"><figure><img loading=\"lazy\" width=\"200\" height=\"200\" src=\"https:\/\/www.gbtecnica.com.br\/wp-content\/uploads\/2020\/08\/3-coracoes-1.jpg\" alt=\"logo 3 cora\u00e7\u00f5es\" data-id=\"336\" data-link=\"https:\/\/www.gbtecnica.com.br\/index.php\/clientes\/3-coracoes-1\/\" class=\"wp-image-336\" srcset=\"https:\/\/www.gbtecnica.com.br\/wp-content\/uploads\/2020\/08\/3-coracoes-1.jpg 200w, https:\/\/www.gbtecnica.com.br\/wp-content\/uploads\/2020\/08\/3-coracoes-1-150x150.jpg 150w\" sizes=\"(max-width: 200px) 100vw, 200px\" \/><\/figure><\/li><li class=\"blocks-gallery-item\"><figure><img loading=\"lazy\" width=\"200\" height=\"200\" src=\"https:\/\/www.gbtecnica.com.br\/wp-content\/uploads\/2020\/08\/arena-das-dunas-1.jpg\" alt=\"logo arena das dunas\" data-id=\"337\" data-link=\"https:\/\/www.gbtecnica.com.br\/index.php\/clientes\/arena-das-dunas-1\/\" class=\"wp-image-337\" srcset=\"https:\/\/www.gbtecnica.com.br\/wp-content\/uploads\/2020\/08\/arena-das-dunas-1.jpg 200w, https:\/\/www.gbtecnica.com.br\/wp-content\/uploads\/2020\/08\/arena-das-dunas-1-150x150.jpg 150w\" sizes=\"(max-width: 200px) 100vw, 200px\" \/><\/figure><\/li><li class=\"blocks-gallery-item\"><figure><img loading=\"lazy\" width=\"200\" height=\"200\" src=\"https:\/\/www.gbtecnica.com.br\/wp-content\/uploads\/2020\/08\/asa-1.jpg\" alt=\"logo asa\" data-id=\"338\" data-link=\"https:\/\/www.gbtecnica.com.br\/index.php\/clientes\/asa-1\/\" class=\"wp-image-338\" srcset=\"https:\/\/www.gbtecnica.com.br\/wp-content\/uploads\/2020\/08\/asa-1.jpg 200w, https:\/\/www.gbtecnica.com.br\/wp-content\/uploads\/2020\/08\/asa-1-150x150.jpg 150w\" sizes=\"(max-width: 200px) 100vw, 200px\" \/><\/figure><\/li><li class=\"blocks-gallery-item\"><figure><img loading=\"lazy\" width=\"200\" height=\"200\" src=\"https:\/\/www.gbtecnica.com.br\/wp-content\/uploads\/2020\/08\/cervejaria-ambev-1.jpg\" alt=\"logo cervejaria ambev\" data-id=\"339\" data-link=\"https:\/\/www.gbtecnica.com.br\/index.php\/clientes\/cervejaria-ambev-1\/\" class=\"wp-image-339\" srcset=\"https:\/\/www.gbtecnica.com.br\/wp-content\/uploads\/2020\/08\/cervejaria-ambev-1.jpg 200w, https:\/\/www.gbtecnica.com.br\/wp-content\/uploads\/2020\/08\/cervejaria-ambev-1-150x150.jpg 150w\" sizes=\"(max-width: 200px) 100vw, 200px\" \/><\/figure><\/li><li class=\"blocks-gallery-item\"><figure><img loading=\"lazy\" width=\"200\" height=\"200\" src=\"https:\/\/www.gbtecnica.com.br\/wp-content\/uploads\/2020\/08\/clan-1.jpg\" alt=\"logo clan\" data-id=\"340\" data-link=\"https:\/\/www.gbtecnica.com.br\/index.php\/clientes\/clan-1\/\" class=\"wp-image-340\" srcset=\"https:\/\/www.gbtecnica.com.br\/wp-content\/uploads\/2020\/08\/clan-1.jpg 200w, https:\/\/www.gbtecnica.com.br\/wp-content\/uploads\/2020\/08\/clan-1-150x150.jpg 150w\" sizes=\"(max-width: 200px) 100vw, 200px\" \/><\/figure><\/li><li class=\"blocks-gallery-item\"><figure><img loading=\"lazy\" width=\"200\" height=\"200\" src=\"https:\/\/www.gbtecnica.com.br\/wp-content\/uploads\/2020\/08\/cobap-1.jpg\" alt=\"logo cobap\" data-id=\"341\" data-link=\"https:\/\/www.gbtecnica.com.br\/index.php\/clientes\/cobap-1\/\" class=\"wp-image-341\" srcset=\"https:\/\/www.gbtecnica.com.br\/wp-content\/uploads\/2020\/08\/cobap-1.jpg 200w, https:\/\/www.gbtecnica.com.br\/wp-content\/uploads\/2020\/08\/cobap-1-150x150.jpg 150w\" sizes=\"(max-width: 200px) 100vw, 200px\" \/><\/figure><\/li><li class=\"blocks-gallery-item\"><figure><img loading=\"lazy\" width=\"200\" height=\"200\" src=\"https:\/\/www.gbtecnica.com.br\/wp-content\/uploads\/2020\/08\/coteminas-1.jpg\" alt=\"logo coteminas\" data-id=\"342\" data-link=\"https:\/\/www.gbtecnica.com.br\/index.php\/clientes\/coteminas-1\/\" class=\"wp-image-342\" srcset=\"https:\/\/www.gbtecnica.com.br\/wp-content\/uploads\/2020\/08\/coteminas-1.jpg 200w, https:\/\/www.gbtecnica.com.br\/wp-content\/uploads\/2020\/08\/coteminas-1-150x150.jpg 150w\" sizes=\"(max-width: 200px) 100vw, 200px\" \/><\/figure><\/li><li class=\"blocks-gallery-item\"><figure><img loading=\"lazy\" width=\"200\" height=\"200\" src=\"https:\/\/www.gbtecnica.com.br\/wp-content\/uploads\/2020\/08\/guararapes-1.jpg\" alt=\"logo guararapes\" data-id=\"343\" data-link=\"https:\/\/www.gbtecnica.com.br\/index.php\/clientes\/guararapes-1\/\" class=\"wp-image-343\" srcset=\"https:\/\/www.gbtecnica.com.br\/wp-content\/uploads\/2020\/08\/guararapes-1.jpg 200w, https:\/\/www.gbtecnica.com.br\/wp-content\/uploads\/2020\/08\/guararapes-1-150x150.jpg 150w\" sizes=\"(max-width: 200px) 100vw, 200px\" \/><\/figure><\/li><li class=\"blocks-gallery-item\"><figure><img loading=\"lazy\" width=\"200\" height=\"200\" src=\"https:\/\/www.gbtecnica.com.br\/wp-content\/uploads\/2020\/08\/m-dias-branco-1.jpg\" alt=\"logo m dias branco\" data-id=\"344\" data-link=\"https:\/\/www.gbtecnica.com.br\/index.php\/clientes\/m-dias-branco-1\/\" class=\"wp-image-344\" srcset=\"https:\/\/www.gbtecnica.com.br\/wp-content\/uploads\/2020\/08\/m-dias-branco-1.jpg 200w, https:\/\/www.gbtecnica.com.br\/wp-content\/uploads\/2020\/08\/m-dias-branco-1-150x150.jpg 150w\" sizes=\"(max-width: 200px) 100vw, 200px\" \/><\/figure><\/li><li class=\"blocks-gallery-item\"><figure><img loading=\"lazy\" width=\"180\" height=\"180\" src=\"https:\/\/www.gbtecnica.com.br\/wp-content\/uploads\/2020\/08\/mecesa-1.jpg\" alt=\"logo mecesa\" data-id=\"345\" data-link=\"https:\/\/www.gbtecnica.com.br\/index.php\/clientes\/mecesa-1\/\" class=\"wp-image-345\" srcset=\"https:\/\/www.gbtecnica.com.br\/wp-content\/uploads\/2020\/08\/mecesa-1.jpg 180w, https:\/\/www.gbtecnica.com.br\/wp-content\/uploads\/2020\/08\/mecesa-1-150x150.jpg 150w\" sizes=\"(max-width: 180px) 100vw, 180px\" \/><\/figure><\/li><li class=\"blocks-gallery-item\"><figure><img loading=\"lazy\" width=\"188\" height=\"188\" src=\"https:\/\/www.gbtecnica.com.br\/wp-content\/uploads\/2020\/08\/ocrim-1.jpg\" alt=\"logo ocrim\" data-id=\"346\" data-link=\"https:\/\/www.gbtecnica.com.br\/index.php\/clientes\/ocrim-1\/\" class=\"wp-image-346\" srcset=\"https:\/\/www.gbtecnica.com.br\/wp-content\/uploads\/2020\/08\/ocrim-1.jpg 188w, https:\/\/www.gbtecnica.com.br\/wp-content\/uploads\/2020\/08\/ocrim-1-150x150.jpg 150w\" sizes=\"(max-width: 188px) 100vw, 188px\" \/><\/figure><\/li><li class=\"blocks-gallery-item\"><figure><img loading=\"lazy\" width=\"200\" height=\"200\" src=\"https:\/\/www.gbtecnica.com.br\/wp-content\/uploads\/2020\/08\/pernambuco-energetica-1.jpg\" alt=\"logo pernambuco energ\u00e9tica\" data-id=\"347\" data-link=\"https:\/\/www.gbtecnica.com.br\/index.php\/clientes\/pernambuco-energetica-1\/\" class=\"wp-image-347\" srcset=\"https:\/\/www.gbtecnica.com.br\/wp-content\/uploads\/2020\/08\/pernambuco-energetica-1.jpg 200w, https:\/\/www.gbtecnica.com.br\/wp-content\/uploads\/2020\/08\/pernambuco-energetica-1-150x150.jpg 150w\" sizes=\"(max-width: 200px) 100vw, 200px\" \/><\/figure><\/li><li class=\"blocks-gallery-item\"><figure><img loading=\"lazy\" width=\"200\" height=\"200\" src=\"https:\/\/www.gbtecnica.com.br\/wp-content\/uploads\/2020\/08\/sabao-guarani-1.jpg\" alt=\"logo sab\u00e3o guarani\" data-id=\"348\" data-link=\"https:\/\/www.gbtecnica.com.br\/index.php\/clientes\/sabao-guarani-1\/\" class=\"wp-image-348\" srcset=\"https:\/\/www.gbtecnica.com.br\/wp-content\/uploads\/2020\/08\/sabao-guarani-1.jpg 200w, https:\/\/www.gbtecnica.com.br\/wp-content\/uploads\/2020\/08\/sabao-guarani-1-150x150.jpg 150w\" sizes=\"(max-width: 200px) 100vw, 200px\" \/><\/figure><\/li><li class=\"blocks-gallery-item\"><figure><img loading=\"lazy\" width=\"200\" height=\"200\" src=\"https:\/\/www.gbtecnica.com.br\/wp-content\/uploads\/2020\/08\/santana-textiles-1.jpg\" alt=\"logo santana textiles\" data-id=\"349\" data-link=\"https:\/\/www.gbtecnica.com.br\/index.php\/clientes\/santana-textiles-1\/\" class=\"wp-image-349\" srcset=\"https:\/\/www.gbtecnica.com.br\/wp-content\/uploads\/2020\/08\/santana-textiles-1.jpg 200w, https:\/\/www.gbtecnica.com.br\/wp-content\/uploads\/2020\/08\/santana-textiles-1-150x150.jpg 150w\" sizes=\"(max-width: 200px) 100vw, 200px\" \/><\/figure><\/li><li class=\"blocks-gallery-item\"><figure><img loading=\"lazy\" width=\"200\" height=\"200\" src=\"https:\/\/www.gbtecnica.com.br\/wp-content\/uploads\/2020\/08\/simas-industrial-1-1.jpg\" alt=\"logo sima industrial\" data-id=\"350\" data-link=\"https:\/\/www.gbtecnica.com.br\/index.php\/clientes\/simas-industrial-1-1\/\" class=\"wp-image-350\" srcset=\"https:\/\/www.gbtecnica.com.br\/wp-content\/uploads\/2020\/08\/simas-industrial-1-1.jpg 200w, https:\/\/www.gbtecnica.com.br\/wp-content\/uploads\/2020\/08\/simas-industrial-1-1-150x150.jpg 150w\" sizes=\"(max-width: 200px) 100vw, 200px\" \/><\/figure><\/li><li class=\"blocks-gallery-item\"><figure><img loading=\"lazy\" width=\"200\" height=\"200\" src=\"https:\/\/www.gbtecnica.com.br\/wp-content\/uploads\/2020\/08\/unilever-1.jpg\" alt=\"\" data-id=\"351\" data-link=\"https:\/\/www.gbtecnica.com.br\/index.php\/clientes\/unilever-1\/\" class=\"wp-image-351\" srcset=\"https:\/\/www.gbtecnica.com.br\/wp-content\/uploads\/2020\/08\/unilever-1.jpg 200w, https:\/\/www.gbtecnica.com.br\/wp-content\/uploads\/2020\/08\/unilever-1-150x150.jpg 150w\" sizes=\"(max-width: 200px) 100vw, 200px\" \/><\/figure><\/li><\/ul>\n\n\n\n<div style=\"height:40px\" aria-hidden=\"true\" class=\"wp-block-spacer\"><\/div>\n\n\n\n<h2 style=\"text-align:center\"><strong>DEPOIMENTOS<\/strong><\/h2>\n\n\n\n<p><\/p>\n","protected":false},"excerpt":{"rendered":"<p>Quem melhor que nossos clientes para falar da qualidade GB T\u00e9cnica? Conhe\u00e7a alguns deles e veja abaixo o que t\u00eam a dizer sobre a GB T\u00e9cnica. DEPOIMENTOS<\/p>\n","protected":false},"author":1,"featured_media":0,"parent":0,"menu_order":0,"comment_status":"closed","ping_status":"closed","template":"page-depoimentos.php","meta":[],"_links":{"self":[{"href":"https:\/\/www.gbtecnica.com.br\/index.php\/wp-json\/wp\/v2\/pages\/17"}],"collection":[{"href":"https:\/\/www.gbtecnica.com.br\/index.php\/wp-json\/wp\/v2\/pages"}],"about":[{"href":"https:\/\/www.gbtecnica.com.br\/index.php\/wp-json\/wp\/v2\/types\/page"}],"author":[{"embeddable":true,"href":"https:\/\/www.gbtecnica.com.br\/index.php\/wp-json\/wp\/v2\/users\/1"}],"replies":[{"embeddable":true,"href":"https:\/\/www.gbtecnica.com.br\/index.php\/wp-json\/wp\/v2\/comments?post=17"}],"version-history":[{"count":38,"href":"https:\/\/www.gbtecnica.com.br\/index.php\/wp-json\/wp\/v2\/pages\/17\/revisions"}],"predecessor-version":[{"id":856,"href":"https:\/\/www.gbtecnica.com.br\/index.php\/wp-json\/wp\/v2\/pages\/17\/revisions\/856"}],"wp:attachment":[{"href":"https:\/\/www.gbtecnica.com.br\/index.php\/wp-json\/wp\/v2\/media?parent=17"}],"curies":[{"name":"wp","href":"https:\/\/api.w.org\/{rel}","templated":true}]}}