{"id":13,"date":"2019-09-13T12:34:17","date_gmt":"2019-09-13T12:34:17","guid":{"rendered":"http:\/\/localhost\/gb-tecnica\/?page_id=13"},"modified":"2020-08-10T17:42:16","modified_gmt":"2020-08-10T17:42:16","slug":"servicos","status":"publish","type":"page","link":"https:\/\/www.gbtecnica.com.br\/index.php\/servicos\/","title":{"rendered":"SERVI\u00c7OS"},"content":{"rendered":"\n<h3 style=\"text-align:center\">Atuamos nos segmentos Industrial e Civil<\/h3>\n\n\n\n<p style=\"text-align:center\">Solu\u00e7\u00f5es com economia e inova\u00e7\u00e3o, pensando sempre em seguran\u00e7a, tecnologia e meio ambiente.<\/p>\n\n\n\n<p style=\"text-align:center\"><strong>RAMOS DE ATUA\u00c7\u00c3O<\/strong>:<\/p>\n\n\n\n<div class=\"wp-container-4 wp-block-columns has-3-columns\">\n<div class=\"wp-container-1 wp-block-column\">\n<p style=\"text-align:center\"><i class=\"fas fa-utensils\"><\/i> Aliment\u00edcio<\/p>\n\n\n\n<p style=\"text-align:center\"><i class=\"fas fa-tshirt\"><\/i> T\u00eaxtil<\/p>\n\n\n\n<p style=\"text-align:center\"><i class=\"fas fa-sticky-note\"><\/i> Papel e celulose<\/p>\n<\/div>\n\n\n\n<div class=\"wp-container-2 wp-block-column\">\n<p style=\"text-align:center\"><i class=\"fas fa-pills\"><\/i> Farmac\u00eautico<\/p>\n\n\n\n<p style=\"text-align:center\"><i class=\"fas fa-building\"><\/i> Condom\u00ednio<\/p>\n\n\n\n<p style=\"text-align:center\"><i class=\"fas fa-suitcase\"><\/i> Hotel<\/p>\n<\/div>\n\n\n\n<div class=\"wp-container-3 wp-block-column\">\n<p style=\"text-align:center\"><i class=\"fas fa-haykal\"><\/i> Lavanderia <\/p>\n\n\n\n<p style=\"text-align:center\"><i class=\"fas fa-bed\"><\/i> Motel<\/p>\n\n\n\n<p style=\"text-align:center\"><i class=\"fas fa-shopping-bag\"><\/i> Shopping<\/p>\n<\/div>\n<\/div>\n\n\n\n<hr class=\"wp-block-separator\"\/>\n\n\n\n<h3 style=\"text-align:center\">Conhe\u00e7a cada um dos nossos Servi\u00e7os:<\/h3>\n\n\n\n<p><\/p>\n","protected":false},"excerpt":{"rendered":"<p>Atuamos nos segmentos Industrial e Civil Solu\u00e7\u00f5es com economia e inova\u00e7\u00e3o, pensando sempre em seguran\u00e7a, tecnologia e meio ambiente. RAMOS DE ATUA\u00c7\u00c3O: Aliment\u00edcio T\u00eaxtil Papel e celulose Farmac\u00eautico Condom\u00ednio Hotel Lavanderia Motel Shopping Conhe\u00e7a cada um dos nossos Servi\u00e7os:<\/p>\n","protected":false},"author":1,"featured_media":0,"parent":0,"menu_order":0,"comment_status":"closed","ping_status":"closed","template":"page-servicos.php","meta":[],"_links":{"self":[{"href":"https:\/\/www.gbtecnica.com.br\/index.php\/wp-json\/wp\/v2\/pages\/13"}],"collection":[{"href":"https:\/\/www.gbtecnica.com.br\/index.php\/wp-json\/wp\/v2\/pages"}],"about":[{"href":"https:\/\/www.gbtecnica.com.br\/index.php\/wp-json\/wp\/v2\/types\/page"}],"author":[{"embeddable":true,"href":"https:\/\/www.gbtecnica.com.br\/index.php\/wp-json\/wp\/v2\/users\/1"}],"replies":[{"embeddable":true,"href":"https:\/\/www.gbtecnica.com.br\/index.php\/wp-json\/wp\/v2\/comments?post=13"}],"version-history":[{"count":43,"href":"https:\/\/www.gbtecnica.com.br\/index.php\/wp-json\/wp\/v2\/pages\/13\/revisions"}],"predecessor-version":[{"id":307,"href":"https:\/\/www.gbtecnica.com.br\/index.php\/wp-json\/wp\/v2\/pages\/13\/revisions\/307"}],"wp:attachment":[{"href":"https:\/\/www.gbtecnica.com.br\/index.php\/wp-json\/wp\/v2\/media?parent=13"}],"curies":[{"name":"wp","href":"https:\/\/api.w.org\/{rel}","templated":true}]}}